{"id":1318,"date":"2025-05-22T01:54:16","date_gmt":"2025-05-22T01:54:16","guid":{"rendered":"https:\/\/www.newbasen.com\/about\/"},"modified":"2025-08-22T05:50:18","modified_gmt":"2025-08-22T05:50:18","slug":"about","status":"publish","type":"page","link":"https:\/\/www.newbasen.com\/pt\/about\/","title":{"rendered":"About"},"content":{"rendered":"<div data-elementor-type=\"wp-page\" data-elementor-id=\"1318\" class=\"elementor elementor-1318\" data-elementor-post-type=\"page\">\n\t\t\t\t<div class=\"elementor-element elementor-element-b485c57 e-flex e-con-boxed e-con e-parent\" data-id=\"b485c57\" data-element_type=\"container\" data-settings=\"{&quot;background_background&quot;:&quot;classic&quot;}\">\n\t\t\t\t\t<div class=\"e-con-inner\">\n\t\t\t\t<div class=\"elementor-element elementor-element-582eb7b elementor-widget elementor-widget-heading\" data-id=\"582eb7b\" data-element_type=\"widget\" data-widget_type=\"heading.default\">\n\t\t\t\t<div class=\"elementor-widget-container\">\n\t\t\t\t\t<h1 class=\"elementor-heading-title elementor-size-default\">sobre n\u00f3s<\/h1>\t\t\t\t<\/div>\n\t\t\t\t<\/div>\n\t\t\t\t\t<\/div>\n\t\t\t\t<\/div>\n\t\t<div class=\"elementor-element elementor-element-8bc52b5 e-flex e-con-boxed e-con e-parent\" data-id=\"8bc52b5\" data-element_type=\"container\">\n\t\t\t\t\t<div class=\"e-con-inner\">\n\t\t\t\t<div class=\"elementor-element elementor-element-ee8783b elementor-invisible elementor-widget elementor-widget-heading\" data-id=\"ee8783b\" data-element_type=\"widget\" data-settings=\"{&quot;_animation&quot;:&quot;lightSpeedIn&quot;}\" data-widget_type=\"heading.default\">\n\t\t\t\t<div class=\"elementor-widget-container\">\n\t\t\t\t\t<h3 class=\"elementor-heading-title elementor-size-default\">Zhengzhou Newbase Auto Electronics Co., Ltd<\/h3>\t\t\t\t<\/div>\n\t\t\t\t<\/div>\n\t\t\t\t\t<\/div>\n\t\t\t\t<\/div>\n\t\t<div class=\"elementor-element elementor-element-97c2cd9 e-flex e-con-boxed e-con e-parent\" data-id=\"97c2cd9\" data-element_type=\"container\">\n\t\t\t\t\t<div class=\"e-con-inner\">\n\t\t\t\t<div class=\"elementor-element elementor-element-4299773 elementor-widget elementor-widget-image\" data-id=\"4299773\" data-element_type=\"widget\" data-widget_type=\"image.default\">\n\t\t\t\t<div class=\"elementor-widget-container\">\n\t\t\t\t\t\t\t\t\t\t\t\t\t\t\t<img fetchpriority=\"high\" decoding=\"async\" width=\"876\" height=\"517\" src=\"https:\/\/www.newbasen.com\/wp-content\/uploads\/2025\/05\/about.jpg\" class=\"attachment-large size-large wp-image-4388\" alt=\"\" srcset=\"https:\/\/www.newbasen.com\/wp-content\/uploads\/2025\/05\/about.jpg 876w, https:\/\/www.newbasen.com\/wp-content\/uploads\/2025\/05\/about-300x177.jpg 300w, https:\/\/www.newbasen.com\/wp-content\/uploads\/2025\/05\/about-768x453.jpg 768w\" sizes=\"(max-width: 876px) 100vw, 876px\" \/>\t\t\t\t\t\t\t\t\t\t\t\t\t\t\t<\/div>\n\t\t\t\t<\/div>\n\t\t\t\t\t<\/div>\n\t\t\t\t<\/div>\n\t\t<div class=\"elementor-element elementor-element-9ffe232 e-flex e-con-boxed e-con e-parent\" data-id=\"9ffe232\" data-element_type=\"container\">\n\t\t\t\t\t<div class=\"e-con-inner\">\n\t\t\t\t<div class=\"elementor-element elementor-element-f6fc0a9 elementor-widget elementor-widget-text-editor\" data-id=\"f6fc0a9\" data-element_type=\"widget\" data-widget_type=\"text-editor.default\">\n\t\t\t\t<div class=\"elementor-widget-container\">\n\t\t\t\t\t\t\t\t\t<p>\u00a0 \u00a0 \u00a0 \u00a0 \u00a0 \u00a0NEWBASE foi fundada em 2007, estimada como uma nova empresa nacional especializada em pequenos gigantes pelo Minist\u00e9rio da Ind\u00fastria e Tecnologia da Informa\u00e7\u00e3o. A nossa sede est\u00e1 situada na cidade de Zhengzhou, e estabelecemos estrategicamente tr\u00eas bases de I&amp;D e produ\u00e7\u00e3o: Zhengzhou (Henan), Jiaozuo (Henan) e Huangshan (Anhui). Esta infraestrutura estende-se por uma \u00e1rea total de cerca de 40.000 metros quadrados, principalmente destinada a fornecer solu\u00e7\u00f5es abrangentes para a gest\u00e3o e controlo t\u00e9rmico nas ind\u00fastrias de novas energias e de ve\u00edculos comerciais. Orgulhamo-nos de ser os principais fornecedores de sistemas de gest\u00e3o t\u00e9rmica da ind\u00fastria de energia nova da China, de n\u00edvel um\/dois.<\/p><p>\u00a0 \u00a0 \u00a0 \u00a0 \u00a0 Desde 2012, temos assegurado consistentemente a maior quota de mercado de sistemas de controlo de gest\u00e3o t\u00e9rmica de ve\u00edculos comerciais nacionais e surgimos como o fornecedor exclusivo de apoio a empresas de renome como a Yutong, ZTO, Mejin Hydrogen Energy, Guohong Hydrogen Energy, SinotruK, SAIC Maxus, Shaanxi Automobile e FAW Qingdao. Simultaneamente, no dom\u00ednio do novo sistema de controlo eletr\u00f3nico do conforto energ\u00e9tico, do sistema de controlo do aquecimento e do sistema de desinfe\u00e7\u00e3o e purifica\u00e7\u00e3o do ar, conquist\u00e1mos mais de metade da quota de mercado da ind\u00fastria dos autocarros. Somos o principal fornecedor de n\u00edvel um para Invicool, Yutong, Zhongtong, Foton, Dongfeng Liuzhou Motor, XCMG, Sany Heavy Industry, CATL, Shanghai Enneagon Energy, AIT Energy, kelvine Tech, Sanhe Tongfei, Dunan Environment, e numerosos outros fabricantes nacionais de novas energias e fabricantes de autom\u00f3veis de renome.<\/p>\t\t\t\t\t\t\t\t<\/div>\n\t\t\t\t<\/div>\n\t\t\t\t\t<\/div>\n\t\t\t\t<\/div>\n\t\t<div class=\"elementor-element elementor-element-6c74fc8 e-flex e-con-boxed e-con e-parent\" data-id=\"6c74fc8\" data-element_type=\"container\" data-settings=\"{&quot;background_background&quot;:&quot;classic&quot;}\">\n\t\t\t\t\t<div class=\"e-con-inner\">\n\t\t\t\t<div class=\"elementor-element elementor-element-e0ae875 elementor-widget elementor-widget-image\" data-id=\"e0ae875\" data-element_type=\"widget\" data-widget_type=\"image.default\">\n\t\t\t\t<div class=\"elementor-widget-container\">\n\t\t\t\t\t\t\t\t\t\t\t\t\t\t\t<img decoding=\"async\" width=\"150\" height=\"150\" src=\"https:\/\/www.newbasen.com\/wp-content\/uploads\/2023\/10\/3-about.jpg\" class=\"attachment-thumbnail size-thumbnail wp-image-3586\" alt=\"\" \/>\t\t\t\t\t\t\t\t\t\t\t\t\t\t\t<\/div>\n\t\t\t\t<\/div>\n\t\t\t\t<div class=\"elementor-element elementor-element-3efd076 elementor-widget elementor-widget-heading\" data-id=\"3efd076\" data-element_type=\"widget\" data-widget_type=\"heading.default\">\n\t\t\t\t<div class=\"elementor-widget-container\">\n\t\t\t\t\t<h4 class=\"elementor-heading-title elementor-size-default\">Astrid Hartman<\/h4>\t\t\t\t<\/div>\n\t\t\t\t<\/div>\n\t\t\t\t<div class=\"elementor-element elementor-element-c5d7443 elementor-widget-divider--separator-type-pattern elementor-widget-divider--view-line elementor-widget elementor-widget-divider\" data-id=\"c5d7443\" data-element_type=\"widget\" data-widget_type=\"divider.default\">\n\t\t\t\t<div class=\"elementor-widget-container\">\n\t\t\t\t\t\t\t<div class=\"elementor-divider\" style=\"--divider-pattern-url: url(&quot;data:image\/svg+xml,%3Csvg xmlns=&#039;http:\/\/www.w3.org\/2000\/svg&#039; preserveAspectRatio=&#039;none&#039; overflow=&#039;visible&#039; height=&#039;100%&#039; viewBox=&#039;0 0 24 24&#039; fill=&#039;black&#039; stroke=&#039;none&#039;%3E%3Cpath d=&#039;M12.7,2.3c-0.4-0.4-1.1-0.4-1.5,0l-8,9.1c-0.3,0.4-0.3,0.9,0,1.2l8,9.1c0.4,0.4,1.1,0.4,1.5,0l8-9.1c0.3-0.4,0.3-0.9,0-1.2L12.7,2.3z&#039;\/%3E%3C\/svg%3E&quot;);\">\n\t\t\t<span class=\"elementor-divider-separator\">\n\t\t\t\t\t\t<\/span>\n\t\t<\/div>\n\t\t\t\t\t\t<\/div>\n\t\t\t\t<\/div>\n\t\t\t\t<div class=\"elementor-element elementor-element-c2453a7 elementor-widget elementor-widget-heading\" data-id=\"c2453a7\" data-element_type=\"widget\" data-widget_type=\"heading.default\">\n\t\t\t\t<div class=\"elementor-widget-container\">\n\t\t\t\t\t<h3 class=\"elementor-heading-title elementor-size-default\"><p style=\"padding: 0px;font-family: PingFang-SC-Regular;margin: 0px 0px 24px;font-size: 16px;line-height: 1.7;text-align: start;white-space: normal\">\"Sinceramente, este triciclo el\u00e9trico refrigerado \u00e9 uma fera! Mant\u00e9m tudo gelado, mesmo nos dias mais quentes, e a bateria dura muito mais do que esper\u00e1vamos. Adoro o facto de os pain\u00e9is solares fazerem realmente a diferen\u00e7a - reduzem bastante os nossos custos de combust\u00edvel. Os alertas da aplica\u00e7\u00e3o tamb\u00e9m s\u00e3o muito \u00fateis, acabou-se a adivinha\u00e7\u00e3o se a temperatura baixou durante o transporte. Resistente como unhas para rotas rurais tamb\u00e9m; sobreviveu a estradas agr\u00edcolas esburacadas como um campe\u00e3o. Definitivamente, recomendo a compra de um!<\/p><div><br><\/div><\/h3>\t\t\t\t<\/div>\n\t\t\t\t<\/div>\n\t\t\t\t<div class=\"elementor-element elementor-element-22ea1a4 elementor-align-center elementor-widget elementor-widget-button\" data-id=\"22ea1a4\" data-element_type=\"widget\" data-widget_type=\"button.default\">\n\t\t\t\t<div class=\"elementor-widget-container\">\n\t\t\t\t\t\t\t\t\t<div class=\"elementor-button-wrapper\">\n\t\t\t\t\t<a class=\"elementor-button elementor-button-link elementor-size-sm\" href=\"#\">\n\t\t\t\t\t\t<span class=\"elementor-button-content-wrapper\">\n\t\t\t\t\t\t\t\t\t<span class=\"elementor-button-text\">O que dizem os meus clientes<\/span>\n\t\t\t\t\t<\/span>\n\t\t\t\t\t<\/a>\n\t\t\t\t<\/div>\n\t\t\t\t\t\t\t\t<\/div>\n\t\t\t\t<\/div>\n\t\t\t\t\t<\/div>\n\t\t\t\t<\/div>\n\t\t\t\t<\/div>","protected":false},"excerpt":{"rendered":"<p>about us Zhengzhou Newbase Auto Electronics Co., Ltd \u00a0 \u00a0 \u00a0 \u00a0 \u00a0 \u00a0NEWBASE was established in 2007, esteemed as a national specialized new small giant enterprise by the Ministry of Industry and Information Technology. Our headquarters are situated in Zhengzhou City, and we have strategically established three R &amp; D and production bases: Zhengzhou [&hellip;]<\/p>","protected":false},"author":1,"featured_media":0,"parent":0,"menu_order":0,"comment_status":"closed","ping_status":"closed","template":"","meta":{"_uag_custom_page_level_css":"","site-sidebar-layout":"no-sidebar","site-content-layout":"page-builder","ast-site-content-layout":"","site-content-style":"default","site-sidebar-style":"default","ast-global-header-display":"","ast-banner-title-visibility":"","ast-main-header-display":"","ast-hfb-above-header-display":"","ast-hfb-below-header-display":"","ast-hfb-mobile-header-display":"","site-post-title":"disabled","ast-breadcrumbs-content":"","ast-featured-img":"disabled","footer-sml-layout":"","theme-transparent-header-meta":"enabled","adv-header-id-meta":"","stick-header-meta":"","header-above-stick-meta":"","header-main-stick-meta":"","header-below-stick-meta":"","astra-migrate-meta-layouts":"default","ast-page-background-enabled":"default","ast-page-background-meta":{"desktop":{"background-color":"var(--ast-global-color-4)","background-image":"","background-repeat":"repeat","background-position":"center center","background-size":"auto","background-attachment":"scroll","background-type":"","background-media":"","overlay-type":"","overlay-color":"","overlay-opacity":"","overlay-gradient":""},"tablet":{"background-color":"","background-image":"","background-repeat":"repeat","background-position":"center center","background-size":"auto","background-attachment":"scroll","background-type":"","background-media":"","overlay-type":"","overlay-color":"","overlay-opacity":"","overlay-gradient":""},"mobile":{"background-color":"","background-image":"","background-repeat":"repeat","background-position":"center center","background-size":"auto","background-attachment":"scroll","background-type":"","background-media":"","overlay-type":"","overlay-color":"","overlay-opacity":"","overlay-gradient":""}},"ast-content-background-meta":{"desktop":{"background-color":"var(--ast-global-color-5)","background-image":"","background-repeat":"repeat","background-position":"center center","background-size":"auto","background-attachment":"scroll","background-type":"","background-media":"","overlay-type":"","overlay-color":"","overlay-opacity":"","overlay-gradient":""},"tablet":{"background-color":"var(--ast-global-color-5)","background-image":"","background-repeat":"repeat","background-position":"center center","background-size":"auto","background-attachment":"scroll","background-type":"","background-media":"","overlay-type":"","overlay-color":"","overlay-opacity":"","overlay-gradient":""},"mobile":{"background-color":"var(--ast-global-color-5)","background-image":"","background-repeat":"repeat","background-position":"center center","background-size":"auto","background-attachment":"scroll","background-type":"","background-media":"","overlay-type":"","overlay-color":"","overlay-opacity":"","overlay-gradient":""}},"footnotes":""},"class_list":["post-1318","page","type-page","status-publish","hentry"],"uagb_featured_image_src":{"full":false,"thumbnail":false,"medium":false,"medium_large":false,"large":false,"1536x1536":false,"2048x2048":false,"trp-custom-language-flag":false},"uagb_author_info":{"display_name":"tmcuc","author_link":"https:\/\/www.newbasen.com\/pt\/author\/tmcuc\/"},"uagb_comment_info":0,"uagb_excerpt":"about us Zhengzhou Newbase Auto Electronics Co., Ltd \u00a0 \u00a0 \u00a0 \u00a0 \u00a0 \u00a0NEWBASE was established in 2007, esteemed as a national specialized new small giant enterprise by the Ministry of Industry and Information Technology. Our headquarters are situated in Zhengzhou City, and we have strategically established three R &amp; D and production bases: Zhengzhou&hellip;","_links":{"self":[{"href":"https:\/\/www.newbasen.com\/pt\/wp-json\/wp\/v2\/pages\/1318","targetHints":{"allow":["GET"]}}],"collection":[{"href":"https:\/\/www.newbasen.com\/pt\/wp-json\/wp\/v2\/pages"}],"about":[{"href":"https:\/\/www.newbasen.com\/pt\/wp-json\/wp\/v2\/types\/page"}],"author":[{"embeddable":true,"href":"https:\/\/www.newbasen.com\/pt\/wp-json\/wp\/v2\/users\/1"}],"replies":[{"embeddable":true,"href":"https:\/\/www.newbasen.com\/pt\/wp-json\/wp\/v2\/comments?post=1318"}],"version-history":[{"count":9,"href":"https:\/\/www.newbasen.com\/pt\/wp-json\/wp\/v2\/pages\/1318\/revisions"}],"predecessor-version":[{"id":4810,"href":"https:\/\/www.newbasen.com\/pt\/wp-json\/wp\/v2\/pages\/1318\/revisions\/4810"}],"wp:attachment":[{"href":"https:\/\/www.newbasen.com\/pt\/wp-json\/wp\/v2\/media?parent=1318"}],"curies":[{"name":"wp","href":"https:\/\/api.w.org\/{rel}","templated":true}]}}